{"id":759,"date":"2022-02-25T15:55:03","date_gmt":"2022-02-25T15:55:03","guid":{"rendered":"https:\/\/vttmassifjura.fr\/?page_id=759"},"modified":"2026-03-27T10:34:50","modified_gmt":"2026-03-27T10:34:50","slug":"adhesions-licences","status":"publish","type":"page","link":"https:\/\/vttmassifjura.fr\/?page_id=759","title":{"rendered":"Adh\u00e9sion \/ Licence"},"content":{"rendered":"\n<div class=\"wp-block-cover alignfull is-light has-parallax\" style=\"min-height:380px;aspect-ratio:unset;\"><div class=\"wp-block-cover__image-background wp-image-589 has-parallax\" style=\"background-position:50% 50%;background-image:url(http:\/\/vttmassifjura.fr\/wp-content\/uploads\/2021\/10\/IMG-20210901-WA0005.jpg)\"><\/div><span aria-hidden=\"true\" class=\"wp-block-cover__background has-ast-global-color-1-background-color has-background-dim\"><\/span><div class=\"wp-block-cover__inner-container is-layout-flow wp-block-cover-is-layout-flow\">\n<h1 class=\"wp-block-heading has-text-align-center has-white-color has-text-color\" id=\"sorties-adultes\">Adh\u00e9sion \/ licence<\/h1>\n<\/div><\/div>\n\n\n<p><span lang=\"FR-CH\">Pour participer aux activit\u00e9s sportives du club, vous devez vous acquitter d&rsquo;une licence FFC.<br \/>Vous pouvez prendre votre licence sur le site de la FFC :\u00a0<a href=\"https:\/\/compte.ffc.fr\/account\/new\/\">https:\/\/compte.ffc.fr\/account\/new\/<\/a><\/span><\/p>\n<p>Si vous avez des questions, vous pouvez envoyer un mail \u00e0 :\u00a0 licence.vttmassifjura@gmail.com<\/p>\n\n\n<figure class=\"wp-block-image size-large\"><img loading=\"lazy\" decoding=\"async\" width=\"724\" height=\"1024\" src=\"http:\/\/vttmassifjura.fr\/wp-content\/uploads\/2026\/01\/COMMENT-TESTER-LE-VTT-AU-CLUB-1-pdf-724x1024.jpg\" alt=\"\" class=\"wp-image-1107\"\/><\/figure>\n\n\n\n<p>Bulletin d&rsquo;adh\u00e9sion \u00e0 remplir et \u00e0 nous retourner par mail (info.vttmassifjura@gmail.com) ou \u00e0 donner aux entraineurs lors de votre prise de licence<\/p>\n\n\n\n<figure class=\"wp-block-image size-large\"><img loading=\"lazy\" decoding=\"async\" width=\"724\" height=\"1024\" src=\"http:\/\/vttmassifjura.fr\/wp-content\/uploads\/2026\/03\/FICHE-DE-RENSEIGNEMENTS-pdf-724x1024.jpg\" alt=\"\" class=\"wp-image-1113\"\/><\/figure>\n\n\n\n<p><\/p>\n\n\n\n<p><\/p>\n","protected":false},"excerpt":{"rendered":"<p>Pour participer aux activit\u00e9s sportives du club, vous devez vous acquitter d&rsquo;une licence FFC.Vous pouvez prendre votre licence sur le site de la FFC :\u00a0https:\/\/compte.ffc.fr\/account\/new\/ Si vous avez des questions, vous pouvez envoyer un mail \u00e0 :\u00a0 licence.vttmassifjura@gmail.com Bulletin d&rsquo;adh\u00e9sion \u00e0 remplir et \u00e0 nous retourner par mail (info.vttmassifjura@gmail.com) ou \u00e0 donner aux entraineurs lors &hellip;<\/p>\n<p class=\"read-more\"> <a class=\"\" href=\"https:\/\/vttmassifjura.fr\/?page_id=759\"> <span class=\"screen-reader-text\">Adh\u00e9sion \/ Licence<\/span> Lire la suite\u00a0\u00bb<\/a><\/p>\n","protected":false},"author":1,"featured_media":0,"parent":0,"menu_order":0,"comment_status":"closed","ping_status":"closed","template":"","meta":{"_monsterinsights_skip_tracking":false,"_monsterinsights_sitenote_active":false,"_monsterinsights_sitenote_note":"","_monsterinsights_sitenote_category":0,"site-sidebar-layout":"no-sidebar","site-content-layout":"plain-container","ast-main-header-display":"","ast-hfb-above-header-display":"","ast-hfb-below-header-display":"","ast-hfb-mobile-header-display":"","site-post-title":"disabled","ast-breadcrumbs-content":"","ast-featured-img":"disabled","footer-sml-layout":"","theme-transparent-header-meta":"enabled","adv-header-id-meta":"","stick-header-meta":"","header-above-stick-meta":"","header-main-stick-meta":"","header-below-stick-meta":"","footnotes":""},"class_list":["post-759","page","type-page","status-publish","hentry"],"_links":{"self":[{"href":"https:\/\/vttmassifjura.fr\/index.php?rest_route=\/wp\/v2\/pages\/759","targetHints":{"allow":["GET"]}}],"collection":[{"href":"https:\/\/vttmassifjura.fr\/index.php?rest_route=\/wp\/v2\/pages"}],"about":[{"href":"https:\/\/vttmassifjura.fr\/index.php?rest_route=\/wp\/v2\/types\/page"}],"author":[{"embeddable":true,"href":"https:\/\/vttmassifjura.fr\/index.php?rest_route=\/wp\/v2\/users\/1"}],"replies":[{"embeddable":true,"href":"https:\/\/vttmassifjura.fr\/index.php?rest_route=%2Fwp%2Fv2%2Fcomments&post=759"}],"version-history":[{"count":9,"href":"https:\/\/vttmassifjura.fr\/index.php?rest_route=\/wp\/v2\/pages\/759\/revisions"}],"predecessor-version":[{"id":1124,"href":"https:\/\/vttmassifjura.fr\/index.php?rest_route=\/wp\/v2\/pages\/759\/revisions\/1124"}],"wp:attachment":[{"href":"https:\/\/vttmassifjura.fr\/index.php?rest_route=%2Fwp%2Fv2%2Fmedia&parent=759"}],"curies":[{"name":"wp","href":"https:\/\/api.w.org\/{rel}","templated":true}]}}